{"id":418,"date":"2022-03-17T09:36:46","date_gmt":"2022-03-17T08:36:46","guid":{"rendered":"https:\/\/bsc-works.be\/?page_id=418"},"modified":"2024-10-09T09:38:19","modified_gmt":"2024-10-09T08:38:19","slug":"metselwerken","status":"publish","type":"page","link":"https:\/\/bsc-works.be\/nl\/renovatie\/metselwerken\/","title":{"rendered":"Metselwerken"},"content":{"rendered":"<section class=\"l-section wpb_row us_custom_e402dcce height_auto\"><div class=\"l-section-h i-cf\"><div class=\"g-cols vc_row via_flex valign_top type_boxes stacking_default\"><div class=\"vc_col-sm-12 wpb_column vc_column_container stretched\"><div class=\"vc_column-inner\"><div class=\"wpb_wrapper\"><div class=\"g-cols wpb_row us_custom_1b5adafb home-header has_text_color via_flex valign_middle type_default stacking_default\"><div class=\"vc_col-sm-2 wpb_column vc_column_container\"><div class=\"vc_column-inner us_custom_e75e05de\"><div class=\"wpb_wrapper\"><\/div><\/div><\/div><div class=\"vc_col-sm-6 wpb_column vc_column_container bannerhome has_bg_color\"><div class=\"vc_column-inner us_custom_c050387b\"><div class=\"wpb_wrapper\"><div class=\"wpb_text_column\"><div class=\"wpb_wrapper\"><h1>BSC Works in Brussel realiseert uw metselwerken<\/h1>\n<\/div><\/div><div class=\"w-separator size_small\"><\/div><div class=\"w-btn-wrapper align_right\"><a class=\"w-btn us-btn-style_4 icon_atright\" title=\"Contact\" href=\"https:\/\/bsc-works.be\/nl\/contact\/\"><span class=\"w-btn-label\">Gratis offerte<\/span><i class=\"fas fa-arrow-right\"><\/i><\/a><\/div><\/div><\/div><\/div><div class=\"vc_col-sm-4 wpb_column vc_column_container hey\"><div class=\"vc_column-inner\"><div class=\"wpb_wrapper\"><\/div><\/div><\/div><\/div><\/div><\/div><\/div><\/div><\/div><\/section><section class=\"l-section wpb_row us_custom_e11ab399 height_medium\"><div class=\"l-section-h i-cf\"><div class=\"g-cols vc_row via_flex valign_top type_default stacking_default\"><div class=\"vc_col-sm-12 wpb_column vc_column_container\"><div class=\"vc_column-inner us_custom_1f257949\"><div class=\"wpb_wrapper\"><div class=\"wpb_text_column us_custom_345c8b9d has_text_color\"><div class=\"wpb_wrapper\"><h1>Van metselwerken tot volledige renovaties. BSC Works in Jette handelt alle metselwerken voor u af. Wij zijn uw partner.<\/h1>\n<\/div><\/div><div class=\"w-separator size_small with_line width_50 thick_2 style_solid color_border align_center\"><div class=\"w-separator-h\"><\/div><\/div><\/div><\/div><\/div><div class=\"vc_col-sm-8 wpb_column vc_column_container\"><div class=\"vc_column-inner\"><div class=\"wpb_wrapper\"><div class=\"wpb_text_column\"><div class=\"wpb_wrapper\"><p>Wij voeren zowel kleine klussen uit als grote werven.<br \/>\nDankzij onze veelzijdige medewerkers nemen wij alle aspecten van uw verbouwingen in handen:<\/p>\n<ul>\n<li>\n<ul>\n<li><a title=\"afbraakwerken\" href=\"https:\/\/www.bsc-works.be\/nl\/afbraakwerken\/\">Sloopwerken<\/a>, verbouwingen, verwijderen van sloopafval<\/li>\n<li>Terrassen, klinkerwerken, betegeling en graafwerken<\/li>\n<li>Beton-, cementwerken, ruwbouw en funderingen<\/li>\n<li>Rioleringen, afwatering,\u00a0<a title=\"loodgieterij\" href=\"https:\/\/www.bsc-works.be\/nl\/loodgieterij\/\">loodgieterij<\/a>\u00a0en sanitair<\/li>\n<li><strong>Metselwerken<\/strong>\u00a0voor binnen en buiten, voegwerken,\u00a0<a title=\"plafondwerken\" href=\"https:\/\/www.bsc-works.be\/nl\/renovatie\/plafondwerken\/\">plafondwerken<\/a>\u00a0en bijgebouwen<\/li>\n<li>Dakwerken: van gebinte over roofing tot zinkwerken en isolatie<\/li>\n<li>Elektriciteit, verwarming, schilderwerken<\/li>\n<li>Buitenschrijnwerk<\/li>\n<li>Gevelwerken: zandstralen, voegwerken, cr\u00e9pi, schilderwerken, hydrofuge et\u00a0<strong>gevelreiniging<\/strong><\/li>\n<li>Afwerkingen van zolderruimtes<\/li>\n<li>Opkuisen van bouwwerven<\/li>\n<\/ul>\n<\/li>\n<\/ul>\n<p>BSC Works is uw partner voor al uw metselwerken en renovaties. Dit zorgt ervoor dat u \u00e9\u00e9n vast contactpersoon heeft. Zo bent u verzekerd van een perfecte co\u00f6rdinatie en communicatie waardoor deadlines en prijzen gerespecteerd worden.<\/p>\n<p><a title=\"Contacteer BSC Works in Jette\" href=\"https:\/\/www.bsc-works.be\/nl\/contact\/\">Contacteer ons voor een gratis offerte<\/a>.<\/p>\n<\/div><\/div><\/div><\/div><\/div><div class=\"vc_col-sm-4 wpb_column vc_column_container\"><div class=\"vc_column-inner\"><div class=\"wpb_wrapper\"><div class=\"g-cols wpb_row us_custom_0200164f via_flex valign_top type_default stacking_default\"><div class=\"vc_col-sm-12 wpb_column vc_column_container\"><div class=\"vc_column-inner\"><div class=\"wpb_wrapper\"><div class=\"wpb_text_column us_custom_8b3d6790 has_text_color\"><div class=\"wpb_wrapper\"><p>Wij leveren tot in de puntjes verzorgd en proper werk. Wij voeren meer bepaald de volgende werken uit:<\/p>\n<ul>\n<li><span style=\"text-decoration: underline; color: #ffffff;\"><a style=\"color: #ffffff; text-decoration: underline;\" title=\"Renovatie\" href=\"https:\/\/www.bsc-works.be\/nl\/renovatie\/\">Renovatie<\/a><\/span><\/li>\n<li><span style=\"text-decoration: underline; color: #ffffff;\"><a style=\"color: #ffffff; text-decoration: underline;\" title=\"Plafondwerken\" href=\"https:\/\/www.bsc-works.be\/nl\/renovatie\/plafondwerken\">Plafondwerken<\/a><\/span><\/li>\n<li><span style=\"text-decoration: underline; color: #ffffff;\"><a style=\"color: #ffffff; text-decoration: underline;\" title=\"Schilderwerken\" href=\"https:\/\/www.bsc-works.be\/nl\/renovatie\/schilderwerken\/\">Schilderwerken<\/a><\/span><\/li>\n<li><span style=\"text-decoration: underline; color: #ffffff;\"><a style=\"color: #ffffff; text-decoration: underline;\" title=\"Metselwerken\" href=\"https:\/\/www.bsc-works.be\/nl\/renovatie\/metselwerken\/\">Metselwerken<\/a><\/span><\/li>\n<li><span style=\"text-decoration: underline; color: #ffffff;\"><a style=\"color: #ffffff; text-decoration: underline;\" title=\"Verwarming\" href=\"https:\/\/www.bsc-works.be\/nl\/verwarming\/\">Verwarming<\/a><\/span><\/li>\n<li><span style=\"text-decoration: underline; color: #ffffff;\"><a style=\"color: #ffffff; text-decoration: underline;\" title=\"Loodgieterij\" href=\"https:\/\/www.bsc-works.be\/nl\/loodgieterij\/\">Loodgieterij<\/a><\/span><\/li>\n<li><span style=\"text-decoration: underline;\"><span style=\"color: #ffffff; text-decoration: underline;\"><a style=\"color: #ffffff; text-decoration: underline;\" href=\"https:\/\/www.bsc-cleaning.be\/nl\/schoonmaak-na-voltooiing-van-een-werf--schoonmaak-na-werken\" target=\"_blank\" rel=\"noopener\">Schoonmaak na renovatiewerken<\/a><\/span><\/span><\/li>\n<\/ul>\n<\/div><\/div><\/div><\/div><\/div><\/div><\/div><\/div><\/div><\/div><\/div><\/section><section class=\"l-section wpb_row us_custom_0327f43d height_large with_img parallax_ver\"><div class=\"l-section-img\" data-img-width=\"1024\" data-img-height=\"683\" style=\"background-image: url(https:\/\/bsc-works.be\/wp-content\/uploads\/2022\/02\/BSC-Works-Jette_renovation_featured-1024x683-1.jpeg);background-position: top center;background-repeat: no-repeat;\"><\/div><div class=\"l-section-h i-cf\"><div class=\"g-cols vc_row via_flex valign_middle type_default stacking_default\"><div class=\"vc_col-sm-12 wpb_column vc_column_container\"><div class=\"vc_column-inner\"><div class=\"wpb_wrapper\"><div class=\"g-cols wpb_row via_flex valign_middle type_boxes stacking_default\"><div class=\"vc_col-sm-2\/5 wpb_column vc_column_container\"><div class=\"vc_column-inner\"><div class=\"wpb_wrapper\"><\/div><\/div><\/div><div class=\"vc_col-sm-3\/5 wpb_column vc_column_container\"><div class=\"vc_column-inner us_custom_6972d9f4\"><div class=\"vc_column-overlay\" style=\"background:rgba(102,161,180,0.85)\"><\/div><div class=\"wpb_wrapper\"><div class=\"wpb_text_column us_custom_8b3d6790 has_text_color\"><div class=\"wpb_wrapper\"><h1>Vrijblijvend bezoek en offerte<\/h1>\n<p>Wij leveren proper en verzorgd werk van A tot Z, tegen zeer voordelige tarieven. Contacteer ons voor meer informatie.<\/p>\n<\/div><\/div><div class=\"w-separator size_small\"><\/div><div class=\"w-btn-wrapper align_right\"><a class=\"w-btn us-btn-style_3 icon_atright\" title=\"Contact\" href=\"https:\/\/bsc-works.be\/nl\/contact\/\"><span class=\"w-btn-label\">Bezoek aanvragen<\/span><i class=\"fas fa-arrow-right\"><\/i><\/a><\/div><\/div><\/div><\/div><\/div><\/div><\/div><\/div><\/div><\/div><\/section><section class=\"l-section wpb_row us_custom_f029a2ba height_auto\"><div class=\"l-section-h i-cf\"><div class=\"g-cols vc_row via_flex valign_top type_default stacking_default\"><div class=\"vc_col-sm-12 wpb_column vc_column_container\"><div class=\"vc_column-inner\"><div class=\"wpb_wrapper\"><div class=\"w-separator size_medium with_line width_50 thick_1 style_solid color_border align_center\"><div class=\"w-separator-h\"><\/div><\/div><\/div><\/div><\/div><div class=\"vc_col-sm-1\/5 vc_col-xs-6 wpb_column vc_column_container\"><div class=\"vc_column-inner\"><div class=\"wpb_wrapper\"><div class=\"w-image has_ratio align_center\"><a href=\"https:\/\/bsc-works.be\/wp-content\/uploads\/2022\/03\/BSC-Works_Jette_demolition.jpeg\" ref=\"magnificPopup\" aria-label=\"Link\" class=\"w-image-h\"><div style=\"padding-bottom:100%\"><\/div><img loading=\"lazy\" decoding=\"async\" width=\"683\" height=\"1024\" src=\"https:\/\/bsc-works.be\/wp-content\/uploads\/2022\/03\/BSC-Works_Jette_demolition-683x1024.jpeg\" class=\"attachment-large size-large\" alt=\"\" srcset=\"https:\/\/bsc-works.be\/wp-content\/uploads\/2022\/03\/BSC-Works_Jette_demolition-683x1024.jpeg 683w, https:\/\/bsc-works.be\/wp-content\/uploads\/2022\/03\/BSC-Works_Jette_demolition-200x300.jpeg 200w, https:\/\/bsc-works.be\/wp-content\/uploads\/2022\/03\/BSC-Works_Jette_demolition.jpeg 800w\" sizes=\"auto, (max-width: 683px) 100vw, 683px\" \/><\/a><\/div><\/div><\/div><\/div><div class=\"vc_col-sm-1\/5 vc_col-xs-6 wpb_column vc_column_container\"><div class=\"vc_column-inner\"><div class=\"wpb_wrapper\"><div class=\"w-image has_ratio align_center\"><a href=\"https:\/\/bsc-works.be\/wp-content\/uploads\/2022\/03\/BSC-Works_Jette_peinture.jpeg\" ref=\"magnificPopup\" aria-label=\"Link\" class=\"w-image-h\"><div style=\"padding-bottom:100%\"><\/div><img loading=\"lazy\" decoding=\"async\" width=\"1024\" height=\"683\" src=\"https:\/\/bsc-works.be\/wp-content\/uploads\/2022\/03\/BSC-Works_Jette_peinture-1024x683.jpeg\" class=\"attachment-large size-large\" alt=\"\" srcset=\"https:\/\/bsc-works.be\/wp-content\/uploads\/2022\/03\/BSC-Works_Jette_peinture-1024x683.jpeg 1024w, https:\/\/bsc-works.be\/wp-content\/uploads\/2022\/03\/BSC-Works_Jette_peinture-300x200.jpeg 300w, https:\/\/bsc-works.be\/wp-content\/uploads\/2022\/03\/BSC-Works_Jette_peinture.jpeg 1800w\" sizes=\"auto, (max-width: 1024px) 100vw, 1024px\" \/><\/a><\/div><\/div><\/div><\/div><div class=\"vc_col-sm-1\/5 vc_col-xs-6 wpb_column vc_column_container\"><div class=\"vc_column-inner\"><div class=\"wpb_wrapper\"><div class=\"w-image has_ratio align_center\"><a href=\"https:\/\/bsc-works.be\/wp-content\/uploads\/2022\/03\/BSC-Works_Jette_peinture_2.jpeg\" ref=\"magnificPopup\" aria-label=\"Link\" class=\"w-image-h\"><div style=\"padding-bottom:100%\"><\/div><img loading=\"lazy\" decoding=\"async\" width=\"1024\" height=\"683\" src=\"https:\/\/bsc-works.be\/wp-content\/uploads\/2022\/03\/BSC-Works_Jette_peinture_2-1024x683.jpeg\" class=\"attachment-large size-large\" alt=\"\" srcset=\"https:\/\/bsc-works.be\/wp-content\/uploads\/2022\/03\/BSC-Works_Jette_peinture_2-1024x683.jpeg 1024w, https:\/\/bsc-works.be\/wp-content\/uploads\/2022\/03\/BSC-Works_Jette_peinture_2-300x200.jpeg 300w, https:\/\/bsc-works.be\/wp-content\/uploads\/2022\/03\/BSC-Works_Jette_peinture_2.jpeg 1800w\" sizes=\"auto, (max-width: 1024px) 100vw, 1024px\" \/><\/a><\/div><\/div><\/div><\/div><div class=\"vc_col-sm-1\/5 vc_col-xs-6 wpb_column vc_column_container\"><div class=\"vc_column-inner\"><div class=\"wpb_wrapper\"><div class=\"w-image has_ratio align_center\"><a href=\"https:\/\/bsc-works.be\/wp-content\/uploads\/2022\/03\/BSC-Works_Jette_plafonnage.jpeg\" ref=\"magnificPopup\" aria-label=\"Link\" class=\"w-image-h\"><div style=\"padding-bottom:100%\"><\/div><img loading=\"lazy\" decoding=\"async\" width=\"683\" height=\"1024\" src=\"https:\/\/bsc-works.be\/wp-content\/uploads\/2022\/03\/BSC-Works_Jette_plafonnage-683x1024.jpeg\" class=\"attachment-large size-large\" alt=\"\" srcset=\"https:\/\/bsc-works.be\/wp-content\/uploads\/2022\/03\/BSC-Works_Jette_plafonnage-683x1024.jpeg 683w, https:\/\/bsc-works.be\/wp-content\/uploads\/2022\/03\/BSC-Works_Jette_plafonnage-200x300.jpeg 200w, https:\/\/bsc-works.be\/wp-content\/uploads\/2022\/03\/BSC-Works_Jette_plafonnage.jpeg 800w\" sizes=\"auto, (max-width: 683px) 100vw, 683px\" \/><\/a><\/div><\/div><\/div><\/div><div class=\"vc_col-sm-1\/5 vc_col-xs-6 wpb_column vc_column_container\"><div class=\"vc_column-inner\"><div class=\"wpb_wrapper\"><div class=\"w-image has_ratio align_center\"><a href=\"https:\/\/bsc-works.be\/wp-content\/uploads\/2022\/03\/BSC-Works_Jette_plafonnage_2.jpeg\" ref=\"magnificPopup\" aria-label=\"Link\" class=\"w-image-h\"><div style=\"padding-bottom:100%\"><\/div><img loading=\"lazy\" decoding=\"async\" width=\"683\" height=\"1024\" src=\"https:\/\/bsc-works.be\/wp-content\/uploads\/2022\/03\/BSC-Works_Jette_plafonnage_2-683x1024.jpeg\" class=\"attachment-large size-large\" alt=\"\" srcset=\"https:\/\/bsc-works.be\/wp-content\/uploads\/2022\/03\/BSC-Works_Jette_plafonnage_2-683x1024.jpeg 683w, https:\/\/bsc-works.be\/wp-content\/uploads\/2022\/03\/BSC-Works_Jette_plafonnage_2-200x300.jpeg 200w, https:\/\/bsc-works.be\/wp-content\/uploads\/2022\/03\/BSC-Works_Jette_plafonnage_2.jpeg 800w\" sizes=\"auto, (max-width: 683px) 100vw, 683px\" \/><\/a><\/div><\/div><\/div><\/div><\/div><\/div><\/section>\n","protected":false},"excerpt":{"rendered":"BSC Works in Brussel realiseert uw metselwerken Gratis offerteVan metselwerken tot volledige renovaties. BSC Works in Jette handelt alle metselwerken voor u af. Wij zijn uw partner. Wij voeren zowel kleine klussen uit als grote werven. Dankzij onze veelzijdige medewerkers nemen wij alle aspecten van uw verbouwingen in handen: Sloopwerken, verbouwingen, verwijderen van sloopafval Terrassen,...","protected":false},"author":1,"featured_media":122,"parent":405,"menu_order":2,"comment_status":"closed","ping_status":"closed","template":"","meta":{"_acf_changed":false,"footnotes":""},"class_list":["post-418","page","type-page","status-publish","has-post-thumbnail","hentry"],"acf":[],"yoast_head":"<!-- This site is optimized with the Yoast SEO plugin v27.5 - https:\/\/yoast.com\/product\/yoast-seo-wordpress\/ -->\n<title>Metselwerken, gevelreiniging, Jette, Brussel | BSC Works BSC Works<\/title>\n<meta name=\"description\" content=\"BSC Works in Jette is uw betrouwbare partner voor al uw metselwerken, gevelwerken en renovaties Doe een beroep op onze lange ervaring Vraag een offerte\" \/>\n<meta name=\"robots\" content=\"index, follow, max-snippet:-1, max-image-preview:large, max-video-preview:-1\" \/>\n<link rel=\"canonical\" href=\"https:\/\/bsc-works.be\/nl\/renovatie\/metselwerken\/\" \/>\n<meta property=\"og:locale\" content=\"nl_BE\" \/>\n<meta property=\"og:type\" content=\"article\" \/>\n<meta property=\"og:title\" content=\"Metselwerken, gevelreiniging, Jette, Brussel | BSC Works BSC Works\" \/>\n<meta property=\"og:description\" content=\"BSC Works in Jette is uw betrouwbare partner voor al uw metselwerken, gevelwerken en renovaties Doe een beroep op onze lange ervaring Vraag een offerte\" \/>\n<meta property=\"og:url\" content=\"https:\/\/bsc-works.be\/nl\/renovatie\/metselwerken\/\" \/>\n<meta property=\"og:site_name\" content=\"BSC Works\" \/>\n<meta property=\"article:modified_time\" content=\"2024-10-09T08:38:19+00:00\" \/>\n<meta property=\"og:image\" content=\"https:\/\/bsc-works.be\/wp-content\/uploads\/2022\/02\/BSC-Works-Jette_maconnerie_featured_2-1024x576-1.jpeg\" \/>\n\t<meta property=\"og:image:width\" content=\"1024\" \/>\n\t<meta property=\"og:image:height\" content=\"576\" \/>\n\t<meta property=\"og:image:type\" content=\"image\/jpeg\" \/>\n<meta name=\"twitter:card\" content=\"summary_large_image\" \/>\n<meta name=\"twitter:label1\" content=\"Geschatte leestijd\" \/>\n\t<meta name=\"twitter:data1\" content=\"3 minuten\" \/>\n<script type=\"application\/ld+json\" class=\"yoast-schema-graph\">{\"@context\":\"https:\\\/\\\/schema.org\",\"@graph\":[{\"@type\":\"WebPage\",\"@id\":\"https:\\\/\\\/bsc-works.be\\\/nl\\\/renovatie\\\/metselwerken\\\/\",\"url\":\"https:\\\/\\\/bsc-works.be\\\/nl\\\/renovatie\\\/metselwerken\\\/\",\"name\":\"Metselwerken, gevelreiniging, Jette, Brussel | BSC Works BSC Works\",\"isPartOf\":{\"@id\":\"https:\\\/\\\/bsc-works.be\\\/#website\"},\"primaryImageOfPage\":{\"@id\":\"https:\\\/\\\/bsc-works.be\\\/nl\\\/renovatie\\\/metselwerken\\\/#primaryimage\"},\"image\":{\"@id\":\"https:\\\/\\\/bsc-works.be\\\/nl\\\/renovatie\\\/metselwerken\\\/#primaryimage\"},\"thumbnailUrl\":\"https:\\\/\\\/bsc-works.be\\\/wp-content\\\/uploads\\\/2022\\\/02\\\/BSC-Works-Jette_maconnerie_featured_2-1024x576-1.jpeg\",\"datePublished\":\"2022-03-17T08:36:46+00:00\",\"dateModified\":\"2024-10-09T08:38:19+00:00\",\"description\":\"BSC Works in Jette is uw betrouwbare partner voor al uw metselwerken, gevelwerken en renovaties Doe een beroep op onze lange ervaring Vraag een offerte\",\"breadcrumb\":{\"@id\":\"https:\\\/\\\/bsc-works.be\\\/nl\\\/renovatie\\\/metselwerken\\\/#breadcrumb\"},\"inLanguage\":\"nl-BE\",\"potentialAction\":[{\"@type\":\"ReadAction\",\"target\":[\"https:\\\/\\\/bsc-works.be\\\/nl\\\/renovatie\\\/metselwerken\\\/\"]}]},{\"@type\":\"ImageObject\",\"inLanguage\":\"nl-BE\",\"@id\":\"https:\\\/\\\/bsc-works.be\\\/nl\\\/renovatie\\\/metselwerken\\\/#primaryimage\",\"url\":\"https:\\\/\\\/bsc-works.be\\\/wp-content\\\/uploads\\\/2022\\\/02\\\/BSC-Works-Jette_maconnerie_featured_2-1024x576-1.jpeg\",\"contentUrl\":\"https:\\\/\\\/bsc-works.be\\\/wp-content\\\/uploads\\\/2022\\\/02\\\/BSC-Works-Jette_maconnerie_featured_2-1024x576-1.jpeg\",\"width\":1024,\"height\":576},{\"@type\":\"BreadcrumbList\",\"@id\":\"https:\\\/\\\/bsc-works.be\\\/nl\\\/renovatie\\\/metselwerken\\\/#breadcrumb\",\"itemListElement\":[{\"@type\":\"ListItem\",\"position\":1,\"name\":\"Home\",\"item\":\"https:\\\/\\\/bsc-works.be\\\/nl\\\/\"},{\"@type\":\"ListItem\",\"position\":2,\"name\":\"Renovatie\",\"item\":\"https:\\\/\\\/bsc-works.be\\\/nl\\\/renovatie\\\/\"},{\"@type\":\"ListItem\",\"position\":3,\"name\":\"Metselwerken\"}]},{\"@type\":\"WebSite\",\"@id\":\"https:\\\/\\\/bsc-works.be\\\/#website\",\"url\":\"https:\\\/\\\/bsc-works.be\\\/\",\"name\":\"BSC Works\",\"description\":\"\",\"potentialAction\":[{\"@type\":\"SearchAction\",\"target\":{\"@type\":\"EntryPoint\",\"urlTemplate\":\"https:\\\/\\\/bsc-works.be\\\/?s={search_term_string}\"},\"query-input\":{\"@type\":\"PropertyValueSpecification\",\"valueRequired\":true,\"valueName\":\"search_term_string\"}}],\"inLanguage\":\"nl-BE\"}]}<\/script>\n<!-- \/ Yoast SEO plugin. -->","yoast_head_json":{"title":"Metselwerken, gevelreiniging, Jette, Brussel | BSC Works BSC Works","description":"BSC Works in Jette is uw betrouwbare partner voor al uw metselwerken, gevelwerken en renovaties Doe een beroep op onze lange ervaring Vraag een offerte","robots":{"index":"index","follow":"follow","max-snippet":"max-snippet:-1","max-image-preview":"max-image-preview:large","max-video-preview":"max-video-preview:-1"},"canonical":"https:\/\/bsc-works.be\/nl\/renovatie\/metselwerken\/","og_locale":"nl_BE","og_type":"article","og_title":"Metselwerken, gevelreiniging, Jette, Brussel | BSC Works BSC Works","og_description":"BSC Works in Jette is uw betrouwbare partner voor al uw metselwerken, gevelwerken en renovaties Doe een beroep op onze lange ervaring Vraag een offerte","og_url":"https:\/\/bsc-works.be\/nl\/renovatie\/metselwerken\/","og_site_name":"BSC Works","article_modified_time":"2024-10-09T08:38:19+00:00","og_image":[{"width":1024,"height":576,"url":"https:\/\/bsc-works.be\/wp-content\/uploads\/2022\/02\/BSC-Works-Jette_maconnerie_featured_2-1024x576-1.jpeg","type":"image\/jpeg"}],"twitter_card":"summary_large_image","twitter_misc":{"Geschatte leestijd":"3 minuten"},"schema":{"@context":"https:\/\/schema.org","@graph":[{"@type":"WebPage","@id":"https:\/\/bsc-works.be\/nl\/renovatie\/metselwerken\/","url":"https:\/\/bsc-works.be\/nl\/renovatie\/metselwerken\/","name":"Metselwerken, gevelreiniging, Jette, Brussel | BSC Works BSC Works","isPartOf":{"@id":"https:\/\/bsc-works.be\/#website"},"primaryImageOfPage":{"@id":"https:\/\/bsc-works.be\/nl\/renovatie\/metselwerken\/#primaryimage"},"image":{"@id":"https:\/\/bsc-works.be\/nl\/renovatie\/metselwerken\/#primaryimage"},"thumbnailUrl":"https:\/\/bsc-works.be\/wp-content\/uploads\/2022\/02\/BSC-Works-Jette_maconnerie_featured_2-1024x576-1.jpeg","datePublished":"2022-03-17T08:36:46+00:00","dateModified":"2024-10-09T08:38:19+00:00","description":"BSC Works in Jette is uw betrouwbare partner voor al uw metselwerken, gevelwerken en renovaties Doe een beroep op onze lange ervaring Vraag een offerte","breadcrumb":{"@id":"https:\/\/bsc-works.be\/nl\/renovatie\/metselwerken\/#breadcrumb"},"inLanguage":"nl-BE","potentialAction":[{"@type":"ReadAction","target":["https:\/\/bsc-works.be\/nl\/renovatie\/metselwerken\/"]}]},{"@type":"ImageObject","inLanguage":"nl-BE","@id":"https:\/\/bsc-works.be\/nl\/renovatie\/metselwerken\/#primaryimage","url":"https:\/\/bsc-works.be\/wp-content\/uploads\/2022\/02\/BSC-Works-Jette_maconnerie_featured_2-1024x576-1.jpeg","contentUrl":"https:\/\/bsc-works.be\/wp-content\/uploads\/2022\/02\/BSC-Works-Jette_maconnerie_featured_2-1024x576-1.jpeg","width":1024,"height":576},{"@type":"BreadcrumbList","@id":"https:\/\/bsc-works.be\/nl\/renovatie\/metselwerken\/#breadcrumb","itemListElement":[{"@type":"ListItem","position":1,"name":"Home","item":"https:\/\/bsc-works.be\/nl\/"},{"@type":"ListItem","position":2,"name":"Renovatie","item":"https:\/\/bsc-works.be\/nl\/renovatie\/"},{"@type":"ListItem","position":3,"name":"Metselwerken"}]},{"@type":"WebSite","@id":"https:\/\/bsc-works.be\/#website","url":"https:\/\/bsc-works.be\/","name":"BSC Works","description":"","potentialAction":[{"@type":"SearchAction","target":{"@type":"EntryPoint","urlTemplate":"https:\/\/bsc-works.be\/?s={search_term_string}"},"query-input":{"@type":"PropertyValueSpecification","valueRequired":true,"valueName":"search_term_string"}}],"inLanguage":"nl-BE"}]}},"_links":{"self":[{"href":"https:\/\/bsc-works.be\/nl\/wp-json\/wp\/v2\/pages\/418","targetHints":{"allow":["GET"]}}],"collection":[{"href":"https:\/\/bsc-works.be\/nl\/wp-json\/wp\/v2\/pages"}],"about":[{"href":"https:\/\/bsc-works.be\/nl\/wp-json\/wp\/v2\/types\/page"}],"author":[{"embeddable":true,"href":"https:\/\/bsc-works.be\/nl\/wp-json\/wp\/v2\/users\/1"}],"replies":[{"embeddable":true,"href":"https:\/\/bsc-works.be\/nl\/wp-json\/wp\/v2\/comments?post=418"}],"version-history":[{"count":5,"href":"https:\/\/bsc-works.be\/nl\/wp-json\/wp\/v2\/pages\/418\/revisions"}],"predecessor-version":[{"id":570,"href":"https:\/\/bsc-works.be\/nl\/wp-json\/wp\/v2\/pages\/418\/revisions\/570"}],"up":[{"embeddable":true,"href":"https:\/\/bsc-works.be\/nl\/wp-json\/wp\/v2\/pages\/405"}],"wp:featuredmedia":[{"embeddable":true,"href":"https:\/\/bsc-works.be\/nl\/wp-json\/wp\/v2\/media\/122"}],"wp:attachment":[{"href":"https:\/\/bsc-works.be\/nl\/wp-json\/wp\/v2\/media?parent=418"}],"curies":[{"name":"wp","href":"https:\/\/api.w.org\/{rel}","templated":true}]}}